{"id":3638,"date":"2022-02-10T17:03:11","date_gmt":"2022-02-10T16:03:11","guid":{"rendered":"https:\/\/frontex-referendum.ch\/?page_id=3638"},"modified":"2022-02-19T17:40:50","modified_gmt":"2022-02-19T16:40:50","slug":"kick-off","status":"publish","type":"page","link":"https:\/\/frontex-referendum.ch\/it\/kick-off\/","title":{"rendered":"NoFrontex Kick-off Call"},"content":{"rendered":"\n<div style=\"height:100px\" aria-hidden=\"true\" class=\"wp-block-spacer af-spacer-l\"><\/div>\n\n\n\n<h1 class=\"wp-block-heading\" id=\"kick-off\">Kick-off<\/h1>\n\n\n\n<p>Dank dem Referendum wird nun bis zur Abstimmung am 15. Mai 2022 intensiver dar\u00fcber gesprochen, was an den EU-Aussengrenzen passiert. Diese Plattform gilt es f\u00fcr vielf\u00e4ltigen Widerstand zu nutzen. Gemeinsam wollen wir uns organisieren und laden dazu an eine erste Kick-Off Sitzung ein.<\/p>\n\n\n\n<div style=\"height:100px\" aria-hidden=\"true\" class=\"wp-block-spacer af-spacer-m\"><\/div>\n\n\n\n<div class=\"wp-block-columns is-layout-flex wp-container-core-columns-is-layout-9d6595d7 wp-block-columns-is-layout-flex\">\n<div class=\"wp-block-column is-layout-flow wp-block-column-is-layout-flow\" style=\"flex-basis:50%\">\n<h2 class=\"wp-block-heading\" id=\"programm\">Programm<\/h2>\n\n\n\n<p id=\"anmeldung-fur-den-call-am-16-februar-19-00\">Zeit: 16. Februar, 18:00<br>Format: Online (Zoom)<\/p>\n\n\n\n<p>Wir stellen die NoFrontex Kampagne vor und besprechen, wie sich Personen einbringen k\u00f6nnen \u2013 sei es in einer Lokalgruppe oder in einer AG des NoFrontex Referendums, als Einzelperson oder Organisation. Damit wir uns in den n\u00e4chsten drei Montaten gemeinsam gegen Frontex und f\u00fcr die Bewegungsfreiheit stark machen k\u00f6nnen.<\/p>\n<\/div>\n\n\n\n<div class=\"wp-block-column is-layout-flow wp-block-column-is-layout-flow\" style=\"flex-basis:50%\">\n<div class=\"wp-block-group af-box-m af-box-m--fill-dark\"><div class=\"wp-block-group__inner-container is-layout-flow wp-block-group-is-layout-flow\">\n<h2 class=\"wp-block-heading\" id=\"anmeldung-fur-den-call-am-16-februar-19-00\">Anmeldung <\/h2>\n\n\n<div class=\"wpforms-container wpforms-container-full\" id=\"wpforms-3637\"><form id=\"wpforms-form-3637\" class=\"wpforms-validate wpforms-form wpforms-ajax-form\" data-formid=\"3637\" method=\"post\" enctype=\"multipart\/form-data\" action=\"\/it\/wp-json\/wp\/v2\/pages\/3638\" data-token=\"0623d95ef86e05ed340daf52898841a1\"><noscript class=\"wpforms-error-noscript\">Abilita JavaScript nel browser per completare questo modulo.<\/noscript><div class=\"wpforms-field-container\"><div id=\"wpforms-3637-field_1-container\" class=\"wpforms-field wpforms-field-email\" data-field-id=\"1\"><label class=\"wpforms-field-label\" for=\"wpforms-3637-field_1\">E-Mail <span class=\"wpforms-required-label\">*<\/span><\/label><input type=\"email\" id=\"wpforms-3637-field_1\" class=\"wpforms-field-large wpforms-field-required\" name=\"wpforms[fields][1]\" required><div class=\"wpforms-field-description\">Wir werden dir den Zoom-Link an diese E-Mail-Adresse senden<\/div><\/div><div id=\"wpforms-3637-field_6-container\" class=\"wpforms-field wpforms-field-radio wpforms-conditional-trigger\" data-field-id=\"6\"><label class=\"wpforms-field-label\" for=\"wpforms-3637-field_6\">Sprache<\/label><ul id=\"wpforms-3637-field_6\"><li class=\"choice-1 depth-1 wpforms-selected\"><input type=\"radio\" id=\"wpforms-3637-field_6_1\" name=\"wpforms[fields][6]\" value=\"Hochdeutsch passt f\u00fcr mich\"   checked='checked'><label class=\"wpforms-field-label-inline\" for=\"wpforms-3637-field_6_1\">Hochdeutsch passt f\u00fcr mich<\/label><\/li><li class=\"choice-2 depth-1\"><input type=\"radio\" id=\"wpforms-3637-field_6_2\" name=\"wpforms[fields][6]\" value=\"Ich w\u00e4re froh um \u00dcbersetzung auf Franz\u00f6sisch\"  ><label class=\"wpforms-field-label-inline\" for=\"wpforms-3637-field_6_2\">Ich w\u00e4re froh um \u00dcbersetzung auf Franz\u00f6sisch<\/label><\/li><li class=\"choice-3 depth-1\"><input type=\"radio\" id=\"wpforms-3637-field_6_3\" name=\"wpforms[fields][6]\" value=\"Ich w\u00e4re froh um \u00dcbersetzung in eine andere Sprache\"  ><label class=\"wpforms-field-label-inline\" for=\"wpforms-3637-field_6_3\">Ich w\u00e4re froh um \u00dcbersetzung in eine andere Sprache<\/label><\/li><\/ul><\/div><div id=\"wpforms-3637-field_4-container\" class=\"wpforms-field wpforms-field-text wpforms-conditional-field wpforms-conditional-show\" data-field-id=\"4\" style=\"display:none;\"><label class=\"wpforms-field-label\" for=\"wpforms-3637-field_4\">Welche Sprache?<\/label><input type=\"text\" id=\"wpforms-3637-field_4\" class=\"wpforms-field-large\" name=\"wpforms[fields][4]\" ><\/div><div id=\"wpforms-3637-field_2-container\" class=\"wpforms-field wpforms-field-checkbox\" data-field-id=\"2\"><label class=\"wpforms-field-label\" for=\"wpforms-3637-field_2\">Auf dem Laufenden bleiben<\/label><ul id=\"wpforms-3637-field_2\"><li class=\"choice-1 depth-1\"><input type=\"checkbox\" id=\"wpforms-3637-field_2_1\" name=\"wpforms[fields][2][]\" value=\"Ich bin einverstanden, weiterhin E-Mails von NoFrontex zu erhalten (Infos, Updates und Aufrufe)\"  ><label class=\"wpforms-field-label-inline\" for=\"wpforms-3637-field_2_1\">Ich bin einverstanden, weiterhin E-Mails von NoFrontex zu erhalten (Infos, Updates und Aufrufe)<\/label><\/li><\/ul><\/div><\/div><div class=\"wpforms-submit-container\"><input type=\"hidden\" name=\"wpforms[id]\" value=\"3637\"><input type=\"hidden\" name=\"wpforms[author]\" value=\"4\"><button type=\"submit\" name=\"wpforms[submit]\" id=\"wpforms-submit-3637\" class=\"wpforms-submit\" data-alt-text=\"Senden\u2026\" data-submit-text=\"Anmelden\" aria-live=\"assertive\" value=\"wpforms-submit\">Anmelden<\/button><img loading=\"lazy\" decoding=\"async\" src=\"https:\/\/frontex-referendum.ch\/wp-content\/plugins\/wpforms\/assets\/images\/submit-spin.svg\" class=\"wpforms-submit-spinner\" style=\"display: none;\" width=\"26\" height=\"26\" alt=\"Caricamento\"><\/div><\/form><\/div>  <!-- .wpforms-container --><\/div><\/div>\n<\/div>\n<\/div>\n","protected":false},"excerpt":{"rendered":"<p>Kick-off Dank dem Referendum wird nun bis zur Abstimmung am 15. Mai 2022 intensiver dar\u00fcber gesprochen, was an den EU-Aussengrenzen passiert. Diese Plattform gilt es f\u00fcr vielf\u00e4ltigen Widerstand zu nutzen.&hellip;&nbsp;<a href=\"https:\/\/frontex-referendum.ch\/it\/kick-off\/\" class=\"\" rel=\"bookmark\">Leggi tutto &raquo;<span class=\"screen-reader-text\">NoFrontex Kick-off Call<\/span><\/a><\/p>\n","protected":false},"author":4,"featured_media":0,"parent":0,"menu_order":0,"comment_status":"closed","ping_status":"closed","template":"","meta":{"inline_featured_image":false,"neve_meta_sidebar":"full-width","neve_meta_container":"","neve_meta_enable_content_width":"","neve_meta_content_width":0,"neve_meta_title_alignment":"","neve_meta_author_avatar":"","neve_post_elements_order":"","neve_meta_disable_header":"off","neve_meta_disable_footer":"","neve_meta_disable_title":"on","neve_meta_reading_time":"","_EventAllDay":false,"_EventTimezone":"","_EventStartDate":"","_EventEndDate":"","_EventStartDateUTC":"","_EventEndDateUTC":"","_EventShowMap":false,"_EventShowMapLink":false,"_EventURL":"","_EventCost":"","_EventCostDescription":"","_EventCurrencySymbol":"","_EventCurrencyCode":"","_EventCurrencyPosition":"","_EventDateTimeSeparator":"","_EventTimeRangeSeparator":"","_EventOrganizerID":[],"_EventVenueID":[],"_OrganizerEmail":"","_OrganizerPhone":"","_OrganizerWebsite":"","_VenueAddress":"","_VenueCity":"","_VenueCountry":"","_VenueProvince":"","_VenueState":"","_VenueZip":"","_VenuePhone":"","_VenueURL":"","_VenueStateProvince":"","_VenueLat":"","_VenueLng":"","_VenueShowMap":false,"_VenueShowMapLink":false,"footnotes":""},"class_list":["post-3638","page","type-page","status-publish","hentry"],"jetpack_sharing_enabled":true,"_links":{"self":[{"href":"https:\/\/frontex-referendum.ch\/it\/wp-json\/wp\/v2\/pages\/3638","targetHints":{"allow":["GET"]}}],"collection":[{"href":"https:\/\/frontex-referendum.ch\/it\/wp-json\/wp\/v2\/pages"}],"about":[{"href":"https:\/\/frontex-referendum.ch\/it\/wp-json\/wp\/v2\/types\/page"}],"author":[{"embeddable":true,"href":"https:\/\/frontex-referendum.ch\/it\/wp-json\/wp\/v2\/users\/4"}],"replies":[{"embeddable":true,"href":"https:\/\/frontex-referendum.ch\/it\/wp-json\/wp\/v2\/comments?post=3638"}],"version-history":[{"count":12,"href":"https:\/\/frontex-referendum.ch\/it\/wp-json\/wp\/v2\/pages\/3638\/revisions"}],"predecessor-version":[{"id":6609,"href":"https:\/\/frontex-referendum.ch\/it\/wp-json\/wp\/v2\/pages\/3638\/revisions\/6609"}],"wp:attachment":[{"href":"https:\/\/frontex-referendum.ch\/it\/wp-json\/wp\/v2\/media?parent=3638"}],"curies":[{"name":"wp","href":"https:\/\/api.w.org\/{rel}","templated":true}]}}