{"id":2261,"date":"2021-12-10T10:49:17","date_gmt":"2021-12-10T09:49:17","guid":{"rendered":"https:\/\/frontex-referendum.ch\/background\/rapporti-dei-media-referendum\/"},"modified":"2022-04-07T20:50:38","modified_gmt":"2022-04-07T18:50:38","slug":"rapporti-dei-media-referendum","status":"publish","type":"page","link":"https:\/\/frontex-referendum.ch\/it\/background\/rapporti-dei-media-referendum\/","title":{"rendered":"Rapporti: Referendum"},"content":{"rendered":"\n<div style=\"height:100px\" aria-hidden=\"true\" class=\"wp-block-spacer af-spacer-l\"><\/div>\n\n<h1 class=\"wp-block-heading\" id=\"berichte-referendum\">Rapporti: Referendum<\/h1>\n\n<p><a href=\"https:\/\/www.woz.ch\/2204\/frontex-referendum\/ein-sieg-der-schwachen\" target=\"_blank\" rel=\"noreferrer noopener\">Ein Sieg der Schwachen<\/a><br\/>Lukas Tobler, WOZ, 27.1.2022<\/p>\n\n<p><a href=\"https:\/\/www.nau.ch\/politik\/bundeshaus\/uber-62000-referendumsunterschriften-gegen-frontex-finanzierung-66090296\" target=\"_blank\" rel=\"noreferrer noopener\">\u00dcber 62\u2019000 Referendumsunterschriften gegen Frontex-Finanzierung<\/a><br\/>Nau.ch, 20.1.2022<\/p>\n\n<p><a rel=\"noreferrer noopener\" href=\"https:\/\/rabe.ch\/2022\/01\/20\/frontex-referendum-kommt-zustande\/\" target=\"_blank\">Frontex-Referendum kommt zustande<\/a><br\/>Wilma Rall, RaBe, 20.1.2022<\/p>\n\n<p><a rel=\"noreferrer noopener\" href=\"https:\/\/www.letemps.ch\/suisse\/suisses-devraient-finalement-voter-frontex\" target=\"_blank\">Les Suisses devraient finalement voter sur Frontex (Abo)<\/a> (sowie <a rel=\"noreferrer noopener\" href=\"https:\/\/frontex-referendum.ch\/wp-content\/uploads\/2022\/01\/2022-01-21-LeTemps.pdf\" target=\"_blank\">PDF, 0.2 MB<\/a>)<br\/>Vincent Nicolet, Le Temps, 20.1.2022<\/p>\n\n<p><a href=\"https:\/\/www.srf.ch\/news\/schweiz\/gute-chancen-fuer-referendum-komitee-reicht-unterschriften-gegen-frontex-finanzierung-ein\" target=\"_blank\" rel=\"noreferrer noopener\">Komitee reicht Unterschriften gegen Frontex-Finanzierung ein<\/a><br\/>SRF, 20.1.2022<\/p>\n\n<p><a href=\"https:\/\/www.blick.ch\/politik\/ueber-55000-unterschriften-in-letzter-minute-frontex-referendum-kommt-zustande-id17161122.html\" target=\"_blank\" rel=\"noreferrer noopener\">Frontex-Referendum kommt zustande<\/a><br\/>Ladina Triaca, Daniel Ballmer, Blick, 19.1.2022<\/p>\n\n<p><a rel=\"noreferrer noopener\" href=\"https:\/\/www.watson.ch\/schweiz\/gesellschaft%20&amp;%20politik\/379955058-frontex-referendum-kommt-zustande\" target=\"_blank\">Frontex-Referendum kommt zustande: Komitee hat 55\u2019000 Unterschriften gesammelt<\/a><br\/>watson, 19.1.2022<\/p>\n\n<p><a href=\"https:\/\/www.tdg.ch\/la-suisse-ne-devrait-pas-financer-frontex-656988200348\" target=\"_blank\" rel=\"noreferrer noopener\">La Suisse ne devrait pas financer Frontex<\/a><br\/>Emmanuel Deonna, TdG, 18.1.2022<\/p>\n\n<p><a rel=\"noreferrer noopener\" href=\"https:\/\/www.letemps.ch\/opinions\/dizaines-millions-francs-soupcons-crimes-contre-lhumanite-bout-chaine\" target=\"_blank\">Ne renfor\u00e7ons pas Frontex ! (Abo)<\/a> (e come <a rel=\"noreferrer noopener\" href=\"https:\/\/frontex-referendum.ch\/wp-content\/uploads\/2022\/01\/2022-01-12_LeTemps_Ne-renfor%C3%A7ons-pas-Frontex.pdf\" target=\"_blank\">PDF, 0.5 MB<\/a>)<br\/>Julie Melichar et Lisa Mazzone, Le Temps, 10.1.2022<\/p>\n\n<p><a rel=\"noreferrer noopener\" href=\"https:\/\/www.woz.ch\/2201\/frontex-referendum\/es-wird-knapp-sehr-knapp\" target=\"_blank\">Es wird knapp, sehr knapp<\/a><br\/>Lukas Tobler, WOZ 01\/2022, 6.1.2022<\/p>\n\n<p><a rel=\"noreferrer noopener\" href=\"https:\/\/soundcloud.com\/radio_lora\/no-frontex-neues-zum-referendum\" target=\"_blank\">NO FRONTEX! Neues zum Referendum<\/a><br\/>Interview von Radio LoRa mit Malek Ossi, 3.1.2022<\/p>\n\n<p><a href=\"https:\/\/frontex-referendum.ch\/wp-content\/uploads\/2022\/01\/2021-12-29_LibrAdio.mp3\" target=\"_blank\" rel=\"noreferrer noopener\">Interview mit \u00d6zg\u00fcr T\u00fcrk<\/a><br\/>LibrAdio, 29.12.2021<\/p>\n\n<p><a rel=\"noreferrer noopener\" href=\"https:\/\/rabe.ch\/2021\/12\/03\/radioblog-frontex-und-die-schweiz\/\" target=\"_blank\">Frontex und die Schweiz<\/a><br\/>Mahtab Aziztaemeh, RaBe-Info Radioblog, 3.12.2021<\/p>\n\n<p><a href=\"https:\/\/daslamm.ch\/nofrontex\/\" target=\"_blank\" rel=\"noreferrer noopener\">NoFrontex: \u201cEin solidarischer Ruck muss durch die Gesellschaft gehen\u201c<\/a><br\/>Timo Krstin, Das Lamm, 21.12.2021<\/p>\n\n<p><a href=\"https:\/\/www.letemps.ch\/suisse\/referendum-contre-contribution-suisse-frontex-difficulte\" target=\"_blank\" rel=\"noreferrer noopener\">Le r\u00e9f\u00e9rendum contre la contribution de la Suisse \u00e0 Frontex est en difficult\u00e9<\/a><br\/>Vincent Nicolet, Le Temps, 17.12.2021<\/p>\n\n<p><a rel=\"noreferrer noopener\" href=\"https:\/\/www.rts.ch\/audio-podcast\/2021\/audio\/la-suisse-doit-elle-se-retirer-de-l-agence-migratoire-frontex-interview-de-celine-vara-25787441.html\" target=\"_blank\">La Suisse doit-elle se retirer de l\u2019agence migratoire Frontex? Interview de C\u00e9line Vara<\/a><br\/>RTS, 20.12.2021<\/p>\n\n<p><a rel=\"noreferrer noopener\" href=\"https:\/\/www.tdg.ch\/la-suisse-doit-quitter-lagence-frontex-843148734693\" target=\"_blank\">La Suisse doit quitter l\u2019agence Frontex<\/a><br\/>Jean Zielger, Tribune de Gen\u00e8ve, 30.11.2021<br\/>(Versione tedesca) <a rel=\"noreferrer noopener\" href=\"https:\/\/www.workzeitung.ch\/2021\/12\/frontex-die-schande-von-europa\/\" target=\"_blank\">Frontex: Die Schande von Europa<\/a><br\/>Jean Ziegler, work \u2013 die Zeitung der Gewerkschaft, 3.12.2021<\/p>\n\n<p><a href=\"https:\/\/lecourrier.ch\/2021\/11\/30\/frontex-attaquee-par-referendum\/\" target=\"_blank\" rel=\"noreferrer noopener\">Frontex attaqu\u00e9e par r\u00e9f\u00e9rendum<\/a><br\/>Sophie Dupont, Le Courrier, 30.11.2021<\/p>\n\n<p><a rel=\"noreferrer noopener\" href=\"https:\/\/www.woz.ch\/2147\/frontex-referendum\/vom-symbol-zur-taeterin\" target=\"_blank\">Vom Symbol zur T\u00e4terin<\/a><br\/>Kaspar Surber, WOZ, 25.11.2021<\/p>\n\n<p><a rel=\"noreferrer noopener\" href=\"https:\/\/www.nzz.ch\/meinung\/frontex-referendum-mitverantwortung-der-schweiz-am-europaeischen-migrations-und-asylrecht-ld.1655965\" target=\"_blank\">Frontex-Referendum: eine Mitverantwortung der Schweiz f\u00fcr das europ\u00e4ische Migrations- und Asylrecht (braucht Anmeldung)<\/a><br\/>Rainer J. Schweizer, NZZ, 24.11.2021<br\/>\u2026 Una replica a <a rel=\"noreferrer noopener\" href=\"https:\/\/www.nzz.ch\/meinung\/die-schweiz-und-frontex-ein-unehrliches-spiel-mit-dem-feuer-ld.1653454\" target=\"_blank\">Referendum gegen Frontex: ein unehrliches Spiel mit dem Feuer (braucht Anmeldung)<\/a> di Markus Mohler, NZZ, 15.11.2021<\/p>\n\n<p><a rel=\"noreferrer noopener\" href=\"https:\/\/www.arcinfo.ch\/dossiers\/points-de-vue\/articles\/l-europe-a-mal-a-ses-frontieres-1124435\" target=\"_blank\">L\u2019Europe a mal \u00e0 ses fronti\u00e8res<\/a><br\/>Pierre B\u00fchler, ArcInfo, 1.11.2021<\/p>\n\n<p><a rel=\"noreferrer noopener\" href=\"https:\/\/www.derbund.ch\/die-festung-europa-stuerzt-svp-und-linke-ins-dilemma-912479135826\" target=\"_blank\">Die \u00abFestung Europa\u00bb st\u00fcrzt SVP und Linke ins Dilemma<\/a><br\/>Charlotte Walser, Der Bund, 1.11.2021<\/p>\n\n<p><a rel=\"noreferrer noopener\" href=\"https:\/\/www.tagblatt.ch\/schweiz\/die-schengen-frage-referendum-gegen-frontex-die-sp-attackiert-karin-keller-sutter-und-wirft-ihr-vor-eine-abmachung-gebrochen-zu-haben-ld.2207804\" target=\"_blank\">Referendum gegen Frontex: Die SP attackiert Karin Keller-Sutter und wirft ihr vor, eine Abmachung gebrochen zu haben<\/a><br\/>Othmar von Matt, St. Galler Tagblatt, 30.10.2021<\/p>\n\n<p><a rel=\"noreferrer noopener\" href=\"https:\/\/frontex-referendum.ch\/wp-content\/uploads\/2021\/10\/vw-21-35-36_online.pdf\" target=\"_blank\">Pushbacks und Geldsegen (PDF, 2.8 MB)<\/a><br\/>Damian Bugmann, vorw\u00e4rts, 29.10.2021<\/p>\n\n<p><a rel=\"noreferrer noopener\" href=\"https:\/\/www.tagblatt.ch\/meinung\/kommentare\/kommentar-das-frontex-referendum-ist-ein-signal-gegen-die-doppelmoral-der-eu-ld.2207023\" target=\"_blank\">Das Frontex-Referendum ist ein Signal gegen die Doppelmoral der EU<\/a><br\/>Othmar von Matt, St. Galler Tagblatt, 28.10.2021<\/p>\n\n<p><a rel=\"noreferrer noopener\" href=\"https:\/\/www.rts.ch\/info\/suisse\/12597834-referendum-lance-contre-la-hausse-du-credit-federal-destine-a-frontex.html\" data-type=\"URL\" data-id=\"https:\/\/www.rts.ch\/info\/suisse\/12597834-referendum-lance-contre-la-hausse-du-credit-federal-destine-a-frontex.html\" target=\"_blank\">R\u00e9f\u00e9rendum lanc\u00e9 contre la hausse du cr\u00e9dit f\u00e9d\u00e9ral destin\u00e9 \u00e0 Frontex<\/a><br\/>St\u00e9phane Deleury, Anouk Essyad, RTS, 27.10.2021<\/p>\n\n<p><a rel=\"noreferrer noopener\" href=\"https:\/\/rabe.ch\/2021\/10\/18\/referendum-gegen-den-ausbau-von-frontex\/\" target=\"_blank\">Referendum gegen den Ausbau von Frontex<\/a><br\/>Katrin Hiss, RaBe, 18.10.2021<\/p>\n\n<p><a href=\"https:\/\/www.srf.ch\/news\/schweiz\/schengen-aussengrenze-referendum-gegen-schweizer-frontex-beteiligung-gestartet\" target=\"_blank\" rel=\"noreferrer noopener\">Referendum gegen Schweizer Frontex-Beteiligung gestartet<\/a><br\/>SRF, 15.10.2021<\/p>\n\n<p><a href=\"https:\/\/www.swissinfo.ch\/ger\/migrationsorganisation-startet-referendum-gegen-frontex-beteiligung\/47030094\"><\/a><a href=\"https:\/\/www.swissinfo.ch\/ger\/migrationsorganisation-startet-referendum-gegen-frontex-beteiligung\/47030094\" target=\"_blank\" rel=\"noreferrer noopener\">Migrationsorganisation startet Referendum gegen Frontex-Beteiligung<\/a><br\/>SwissInfo, 15.10.2021<\/p>\n\n<p><a href=\"https:\/\/www.blick.ch\/politik\/linke-aktivisten-sammeln-unterschriften-widerstand-gegen-frontex-finanzierung-id16910603.html\" target=\"_blank\" rel=\"noreferrer noopener\">Widerstand gegen Frontex-Finanzierung<\/a><br\/>Blick, 15.10.2021<a href=\"https:\/\/www.swissinfo.ch\/ger\/migrationsorganisation-startet-referendum-gegen-frontex-beteiligung\/47030094\"><\/a><\/p>\n\n<p><a href=\"https:\/\/www.cdt.ch\/svizzera\/lanciato-il-referendum-contro-il-rafforzamento-di-frontex-LC4747379?_sid=VlJTMuyH\" target=\"_blank\" rel=\"noreferrer noopener\">Lanciato il referendum contro il rafforzamento di Frontex<\/a><br\/>Corriere del Ticino, 15.10.2021<\/p>\n\n<p><a rel=\"noreferrer noopener\" href=\"https:\/\/www.woz.ch\/-be41\" target=\"_blank\">Referendum wird ergriffen<\/a><br\/>Lukas Tobler, WOZ 41\/2021, 14.10.2021<\/p>\n","protected":false},"excerpt":{"rendered":"<p>Rapporti: Referendum Ein Sieg der SchwachenLukas Tobler, WOZ, 27.1.2022 \u00dcber 62\u2019000 Referendumsunterschriften gegen Frontex-FinanzierungNau.ch, 20.1.2022 Frontex-Referendum kommt zustandeWilma Rall, RaBe, 20.1.2022 Les Suisses devraient finalement voter sur Frontex (Abo) (sowie&hellip;&nbsp;<a href=\"https:\/\/frontex-referendum.ch\/it\/background\/rapporti-dei-media-referendum\/\" class=\"\" rel=\"bookmark\">Leggi tutto &raquo;<span class=\"screen-reader-text\">Rapporti: Referendum<\/span><\/a><\/p>\n","protected":false},"author":6,"featured_media":0,"parent":2211,"menu_order":0,"comment_status":"closed","ping_status":"closed","template":"","meta":{"inline_featured_image":false,"neve_meta_sidebar":"","neve_meta_container":"","neve_meta_enable_content_width":"","neve_meta_content_width":0,"neve_meta_title_alignment":"","neve_meta_author_avatar":"","neve_post_elements_order":"","neve_meta_disable_header":"","neve_meta_disable_footer":"","neve_meta_disable_title":"on","neve_meta_reading_time":"","_EventAllDay":false,"_EventTimezone":"","_EventStartDate":"","_EventEndDate":"","_EventStartDateUTC":"","_EventEndDateUTC":"","_EventShowMap":false,"_EventShowMapLink":false,"_EventURL":"","_EventCost":"","_EventCostDescription":"","_EventCurrencySymbol":"","_EventCurrencyCode":"","_EventCurrencyPosition":"","_EventDateTimeSeparator":"","_EventTimeRangeSeparator":"","_EventOrganizerID":[],"_EventVenueID":[],"_OrganizerEmail":"","_OrganizerPhone":"","_OrganizerWebsite":"","_VenueAddress":"","_VenueCity":"","_VenueCountry":"","_VenueProvince":"","_VenueState":"","_VenueZip":"","_VenuePhone":"","_VenueURL":"","_VenueStateProvince":"","_VenueLat":"","_VenueLng":"","_VenueShowMap":false,"_VenueShowMapLink":false,"footnotes":""},"class_list":["post-2261","page","type-page","status-publish","hentry"],"jetpack_sharing_enabled":true,"_links":{"self":[{"href":"https:\/\/frontex-referendum.ch\/it\/wp-json\/wp\/v2\/pages\/2261","targetHints":{"allow":["GET"]}}],"collection":[{"href":"https:\/\/frontex-referendum.ch\/it\/wp-json\/wp\/v2\/pages"}],"about":[{"href":"https:\/\/frontex-referendum.ch\/it\/wp-json\/wp\/v2\/types\/page"}],"author":[{"embeddable":true,"href":"https:\/\/frontex-referendum.ch\/it\/wp-json\/wp\/v2\/users\/6"}],"replies":[{"embeddable":true,"href":"https:\/\/frontex-referendum.ch\/it\/wp-json\/wp\/v2\/comments?post=2261"}],"version-history":[{"count":20,"href":"https:\/\/frontex-referendum.ch\/it\/wp-json\/wp\/v2\/pages\/2261\/revisions"}],"predecessor-version":[{"id":3614,"href":"https:\/\/frontex-referendum.ch\/it\/wp-json\/wp\/v2\/pages\/2261\/revisions\/3614"}],"up":[{"embeddable":true,"href":"https:\/\/frontex-referendum.ch\/it\/wp-json\/wp\/v2\/pages\/2211"}],"wp:attachment":[{"href":"https:\/\/frontex-referendum.ch\/it\/wp-json\/wp\/v2\/media?parent=2261"}],"curies":[{"name":"wp","href":"https:\/\/api.w.org\/{rel}","templated":true}]}}