{"id":2255,"date":"2021-12-10T10:47:47","date_gmt":"2021-12-10T09:47:47","guid":{"rendered":"https:\/\/frontex-referendum.ch\/background\/rapporti-dei-media-frontex-e-la-politica-europea-dei-confini\/"},"modified":"2022-05-06T12:23:48","modified_gmt":"2022-05-06T10:23:48","slug":"rapporti-dei-media-frontex-e-la-politica-europea-dei-confini","status":"publish","type":"page","link":"https:\/\/frontex-referendum.ch\/it\/background\/rapporti-dei-media-frontex-e-la-politica-europea-dei-confini\/","title":{"rendered":"Rapporti: Frontex e la politica europea dei confini"},"content":{"rendered":"\n<div style=\"height:100px\" aria-hidden=\"true\" class=\"wp-block-spacer af-spacer-l\"><\/div>\n\n<h1 class=\"wp-block-heading\" id=\"berichte-frontex-und-die-europaische-abschottungspolitik\">Rapporti: <br\/>Frontex e la politica europea dei confini<\/h1>\n\n<div style=\"height:100px\" aria-hidden=\"true\" class=\"wp-block-spacer af-spacer-l\"><\/div>\n\n<h2 class=\"has-large-font-size wp-block-heading\" id=\"menschenrechtsverletzungen-an-der-grenze\">Violazioni dei diritti umani al confine<\/h2>\n\n<div style=\"height:100px\" aria-hidden=\"true\" class=\"wp-block-spacer af-spacer-s\"><\/div>\n\n<h3 class=\"wp-block-heading\" id=\"beteiligung-von-frontex\">Coinvolgimento di Frontex<\/h3>\n\n<p><a rel=\"noreferrer noopener\" href=\"https:\/\/www.srf.ch\/play\/tv\/rundschau\/video\/ausgesetzt-in-der-aegaeis-frontex-ist-in-pushbacks-involviert?urn=urn:srf:video:5ef84187-7e34-4f40-bda8-448184990621\" target=\"_blank\">Ausgesetzt in der \u00c4g\u00e4is: Frontex ist in Pushbacks involviert<\/a><br\/>SRF Rundschau, 27.4.2022<\/p>\n\n<p><a href=\"https:\/\/www.spiegel.de\/ausland\/frontex-in-illegale-pushbacks-von-hunderten-fluechtlingen-involviert-a-086f0e5a-0172-4007-b59c-7bced325cc75?utm_source=dlvr.it&amp;utm_medium=twitter#ref=rss\" target=\"_blank\" rel=\"noreferrer noopener\">Frontex in illegale Pushbacks von Hunderten Fl\u00fcchtlingen involviert (Paywall)<\/a><br\/>Giorgos Christides und Steffen L\u00fcdke, Der Spiegel, 27.4.2022<\/p>\n\n<p><a href=\"https:\/\/www.republik.ch\/2022\/04\/27\/inside-frontex-die-geheime-datenbank-der-eu\" target=\"_blank\" rel=\"noreferrer noopener\">Inside Frontex: Die geheime Datenbank der EU \u2013 und was sie damit vertuscht<\/a><br\/>Carlos Hanimann, Lukas H\u00e4uptli (Text) und Yoshi Sodeoka (Animation), Republik, 27.4.2022<\/p>\n\n<p><a rel=\"noreferrer noopener\" href=\"https:\/\/www.spiegel.de\/ausland\/frontex-skandal-warum-fabrice-leggeri-doch-noch-stuerzen-koennte-a-c5af6fff-2e06-4908-b252-205b356bc5ee\" target=\"_blank\">St\u00fcrzt der Frontex-Chef doch noch \u00fcber den Pushback-Skandal? (Paywall)<\/a><br\/>Giorgos Christides, Steffen L\u00fcdke, Maximilian Popp, Tomas Statius, Der Spiegel, 17.3.2022<\/p>\n\n<p><a href=\"https:\/\/www.middleeasteye.net\/news\/libya-europe-migration-frontex-surveillance-deadly-fate\" target=\"_blank\" rel=\"noreferrer noopener\">No rescue from above: Europe\u2019s surveillance in the Mediterranean leaves migrants to their fate<\/a><br\/>Katherine Hearst, Middle East Eye, 30.1.2022<\/p>\n\n<p><a href=\"https:\/\/rabe.ch\/2021\/12\/20\/frontex-schweizer-referendum-klage-beim-eugh\/\" target=\"_blank\" rel=\"noreferrer noopener\">Frontex: Schweizer Referendum \u2013 Klage beim EuGH<\/a><br\/>Wilma Rall, Radio RaBe, 20.12.2021<\/p>\n\n<p><a rel=\"noreferrer noopener\" href=\"https:\/\/www.republik.ch\/2021\/12\/07\/der-frontex-report\" target=\"_blank\">Der Frontex-Report<\/a><br\/>Republik, Carlos Hanimann, Lukas H\u00e4uptli, 7.12.2021<\/p>\n\n<p><a rel=\"noreferrer noopener\" href=\"https:\/\/www.zeit.de\/politik\/ausland\/2021-12\/griechenland-frontex-dolmetscher-abschiebung-tuerkei\" target=\"_blank\">Grenzbeamte sollen Frontex-Dolmetscher illegal abgeschoben haben<\/a><br\/>Zeit Online, 2.12.2021<\/p>\n\n<p><a href=\"https:\/\/www.tagesschau.de\/investigativ\/report-mainz\/frontex-pushbacks-109.html\" target=\"_blank\" rel=\"noreferrer noopener\">Deutsche Bundespolizisten verwickelt<\/a><br\/>Heiner Hoffman, SWR, 28.11.2020<\/p>\n\n<p><a href=\"https:\/\/www.derbund.ch\/frontex-verschliesst-die-augen-456395025959\" target=\"_blank\" rel=\"noreferrer noopener\">Frontex verschliesst die Augen<\/a><br\/>Karoline Meta Beisel, Der Bund, 11.1.2021<\/p>\n\n<p><a href=\"https:\/\/www.lemonde.fr\/international\/video\/2021\/10\/31\/migrants-enquete-sur-le-role-de-l-europe-dans-le-piege-libyen_6100475_3210.html#xtor=AL-32280270-%5Bdefault%5D-%5Bandroid%5D\" target=\"_blank\" rel=\"noreferrer noopener\">Migrants : enqu\u00eate sur le r\u00f4le de l\u2019Europe dans le pi\u00e8ge libyen<\/a><br\/>Arthur Carpentier, Marceau Bretonnier et Service vid\u00e9o du Monde, Le Monde, 31.10.2021<\/p>\n\n<p><a href=\"https:\/\/www.spiegel.de\/international\/europe\/eu-border-agency-frontex-complicit-in-greek-refugee-pushback-campaign-a-4b6cba29-35a3-4d8c-a49f-a12daad450d7\" target=\"_blank\" rel=\"noreferrer noopener\">\u00abEU Border Agency Frontex Complicit in Greek Refugee Pushback Campaign\u00bb<\/a><br\/>Giorgio Christides et al., Spiegel International, 23.10.2020<\/p>\n\n<p><a href=\"http:\/\/www.bellingcat.com\/news\/2020\/10\/23\/frontex-at-fault-european-border-force-complicit-in-illegal-pushbacks\/\" target=\"_blank\" rel=\"noreferrer noopener\">Frontex at Fault: European Border Forse Complicit in \u201cIllegal\u201d Pushbacks<\/a><br\/>Nick Waters, Emmanuel Freudenthal und Logan Williams, Bellingcat, 23.10.2020<\/p>\n\n<p><a rel=\"noreferrer noopener\" href=\"https:\/\/www.woz.ch\/2142\/fluechtlingspolitik\/ein-perfektes-verbrechen\" target=\"_blank\">Ein perfektes Verbrechen<\/a><br\/>Ann Esswein, Bartholom\u00e4us von Laffert, WOZ, 21.10.2021<\/p>\n\n<p><a href=\"http:\/\/Frontex%20Involvement%20in%20Ill-Treatment%20of%20Migrant%20Detainees%20in%20Greece\" target=\"_blank\" rel=\"noreferrer noopener\">The EU\u2019s Dirty Hands, Frontex Involvement in Ill-Treatment of Migrant Detainees in Greece<\/a><br\/>Human Rights Watch, 21.9.2021<\/p>\n\n<p><a href=\"https:\/\/www.spiegel.de\/ausland\/skandal-um-eu-grenzschutzbehoerde-frontex-europas-grenzen-sind-ein-rechtsfreier-raum-a-2d9fdf01-ff88-4f98-90d0-4545573e8117\" target=\"_blank\" rel=\"noreferrer noopener\">Europas Grenzen sind ein rechtsfreier Raum<\/a><br\/>Giorgos Christides, Steffen L\u00fcdke und Maximilian Popp, Spiegel Ausland, 17.7.2021<a href=\"https:\/\/www.spiegel.de\/ausland\/gefluechtete-in-griechenland-frontex-wusste-von-menschenrechtsverletzungen-und-tat-nichts-a-6efe96dc-b4f6-47e9-b4a9-f9b789d2da17\"><\/a><\/p>\n\n<p><a href=\"https:\/\/www.spiegel.de\/ausland\/gefluechtete-in-griechenland-frontex-wusste-von-menschenrechtsverletzungen-und-tat-nichts-a-6efe96dc-b4f6-47e9-b4a9-f9b789d2da17\" target=\"_blank\" rel=\"noreferrer noopener\">Frontex wusste von Menschenrechtsverletzungen \u2013 und tat nichts<\/a><br\/>Giorgos Christides, Steffen L\u00fcdke und Maximilian Popp, Spiegel Ausland, 15.7.2021<\/p>\n\n<p><a href=\"https:\/\/www.statewatch.org\/observatories\/frontex\/frontex-under-scrutiny-inquiries-and-investigations-november-2020-onwards\/full-text-of-the-european-parliament-scrutiny-group-report-on-fundamental-rights-violations\/\" target=\"_blank\" rel=\"noreferrer noopener\">Full text of the European Parliament scrutiny group report on fundamental rights violations<\/a><br\/>on Statewatch, 14.7.2021<\/p>\n\n<p><a href=\"https:\/\/www.tagesschau.de\/investigativ\/monitor\/frontex-rueckfuehrungen-libyen-101.html\" target=\"_blank\" rel=\"noreferrer noopener\">T\u00f6dliche Kollaboration<\/a><br\/>Shafagh Laghai und Lara Straatmann, WDR, 29.4.2021<\/p>\n\n<p><a href=\"https:\/\/www.hrw.org\/news\/2021\/06\/23\/frontex-failing-protect-people-eu-borders\" target=\"_blank\" rel=\"noreferrer noopener\">Frontex Failing to Protect People at EU Borders<\/a><br\/>Human Rights Watch, 23.6.2021<\/p>\n\n<p><a rel=\"noreferrer noopener\" href=\"https:\/\/www.tagesschau.de\/ausland\/europa\/eukommission-frontex-pushbacks-101.html\" target=\"_blank\">Was macht die EU?<\/a><br\/>Sarah Schr\u00f6er L\u00f3pez, V\u00e9ronique Gantenberg, ARD, 15.3.2021<\/p>\n\n<p><a href=\"https:\/\/respondmigration.com\/blog-1\/what-is-frontex-doing-about-illegal-pushbacks-in-evros\" target=\"_blank\" rel=\"noreferrer noopener\">What is Frontex doing about illegal pushbacks in Evros?<\/a><br\/>Lena Karamanidou, Bernd Kasparek, Respond, 1.8.2020<\/p>\n\n<p><a href=\"https:\/\/balkaninsight.com\/2020\/02\/06\/frontexs-history-of-handling-abuse-evidence-dogs-balkan-expansion\/\" target=\"_blank\" rel=\"noreferrer noopener\">Frontex\u2019s History of handing abuse evidence dogs balkan expansion<\/a><br\/>Apostolis Fotiadis, Reporting Democracy, 6.2.2020<\/p>\n\n<div style=\"height:100px\" aria-hidden=\"true\" class=\"wp-block-spacer af-spacer-m\"><\/div>\n\n<h3 class=\"wp-block-heading\" id=\"gewalt-durch-frontex-verbundete\">Gewalt durch Frontex-Verb\u00fcndete<\/h3>\n\n<p><a href=\"https:\/\/www.hrw.org\/news\/2022\/04\/07\/greece-using-other-migrants-expel-asylum-seekers\" target=\"_blank\" rel=\"noreferrer noopener\">Greece Using Other Migrants to Expel Asylum Seekers<\/a><br\/>Human Rights Watch, 7.4.2022<\/p>\n\n<p><a rel=\"noreferrer noopener\" href=\"https:\/\/p.dw.com\/p\/47CVg\" target=\"_blank\">Griechische K\u00fcstenwache soll Fl\u00fcchtlinge ins Meer geworfen haben<\/a><br\/>DW, 18.2.2022<\/p>\n\n<p><a rel=\"noreferrer noopener\" href=\"https:\/\/www.euronews.com\/2022\/02\/02\/twelve-migrants-found-frozen-to-death-near-greek-border-turkish-authorities-say\" data-type=\"URL\" data-id=\"https:\/\/www.euronews.com\/2022\/02\/02\/twelve-migrants-found-frozen-to-death-near-greek-border-turkish-authorities-say\" target=\"_blank\">Nineteen migrants found frozen to death near Greek border, Turkish authorities say<\/a><br\/>euronews, 3.2.2022<\/p>\n\n<p><a href=\"https:\/\/www.amnesty.org\/en\/latest\/news\/2022\/01\/libya-eu-conditions-remain-hellish-as-eu-marks-5-years-of-cooperation-agreements\/\" target=\"_blank\" rel=\"noreferrer noopener\">Libya\/EU: Conditions remain \u201chellish\u201d as EU marks 5 years of cooperation agreements<\/a><br\/>Amnesty International, 31.1.2022<\/p>\n\n<p><a href=\"https:\/\/www.woz.ch\/2151\/flucht-nach-europa\/die-verschwundenen-von-tripolis\" target=\"_blank\" rel=\"noreferrer noopener\">Die Verschwundenen von Tripolis<\/a><br\/>Ian Urbina, aus dem Englischen von Anna Jikhareva, WOZ, 23.12.2021<\/p>\n\n<p><a href=\"https:\/\/www.amnesty.org\/en\/latest\/news\/2021\/12\/belarus-eu-new-evidence-of-brutal-violence-from-belarusian-forces-against-asylum-seekers-and-migrants-facing-pushbacks-from-the-eu\/?__cf_chl_managed_tk__=p1rmMgBYYf.trXYdb0QdwPYpl5SAJdQwj6zlR6dHrfI-1640003114-0-gaNycGzNCT0\" target=\"_blank\" rel=\"noreferrer noopener\">Belarus\/EU: New evidence of brutal violence from Belarusian forces against asylum-seekers and migrants facing pushbacks from the EU<\/a><br\/>Amnesty International, 20.12.2021<\/p>\n\n<p><a href=\"https:\/\/www.srf.ch\/news\/international\/pushbacks-in-kroatien-gefesselt-in-fluss-geworfen-bericht-zeigt-gewalt-an-eu-grenze?ns_source=mobile&amp;srg_sm_medium=tw\" target=\"_blank\" rel=\"noreferrer noopener\">Gefesselt in Fluss geworfen: Bericht zeigt Gewalt an EU-Grenze<\/a><br\/>Nicole V\u00f6gele, Sascha Buchbinder, SRF, 3.12.2021<\/p>\n\n<p><a href=\"https:\/\/www.reuters.com\/article\/us-europe-migrants-belarus-eu-idCAKBN2IG3O6\" target=\"_blank\" rel=\"noreferrer noopener\">EU allows Poland, Baltics to trim migrant rights at Belarus border<\/a><br\/>Gabriela Baczynska and Andrius Sytas, Reuters, 1.12.2021<\/p>\n\n<p><a href=\"https:\/\/www.newyorker.com\/magazine\/2021\/12\/06\/the-secretive-libyan-prisons-that-keep-migrants-out-of-europe\" target=\"_blank\" rel=\"noreferrer noopener\">The Secretive Prisons to keep Migrants out of Europe<\/a><br\/>Ian urbina, New Yorker, 28.11.2021<\/p>\n\n<p><a href=\"https:\/\/www.lighthousereports.nl\/investigation\/unmasking-europes-shadow-armies\/\" target=\"_blank\" rel=\"noreferrer noopener\">Unmasking Europe\u2019s Shadow Armies<\/a><br\/>Lighthouse Reports, 6.10.2021<\/p>\n\n<p><a href=\"http:\/\/Gewalt%20an%20der%20Grenze:%20EU-Geld%20f%C3%BCr%20kroatische%20Schl%C3%A4gerpolizisten\" target=\"_blank\" rel=\"noreferrer noopener\">Gewalt an der Grenze: EU-Geld f\u00fcr kroatische Schl\u00e4gerpolizisten<\/a><br\/>SRF Rundschau, 6.10.2021<\/p>\n\n<p><a rel=\"noreferrer noopener\" href=\"https:\/\/www.theguardian.com\/commentisfree\/2020\/mar\/08\/detention-torture-and-killing-how-the-eu-outsourced-migration-policy\" target=\"_blank\">Detention, torture and killing how the EU outsourced migration policy<\/a><br\/>Kenan Malik, The Guardian, 8.3.2020<\/p>\n\n<p><a href=\"https:\/\/daslamm.ch\/sexuelle-gewalt-auf-der-flucht-ein-monat-eine-woche-und-zwei-tage-in-der-hoelle\/\" target=\"_blank\" rel=\"noreferrer noopener\">Sexuelle Gewalt auf der Flucht: Ein Monat, eine Woche und zwei Tage in der H\u00f6lle<\/a><br\/>Natalia Widla, Das Lamm, 7.9.2018<\/p>\n\n<div style=\"height:100px\" aria-hidden=\"true\" class=\"wp-block-spacer af-spacer-l\"><\/div>\n\n<h2 class=\"has-large-font-size wp-block-heading\" id=\"europaische-abschottung\">Compartimentazione europea<\/h2>\n\n<div style=\"height:100px\" aria-hidden=\"true\" class=\"wp-block-spacer af-spacer-s\"><\/div>\n\n<h3 class=\"wp-block-heading\" id=\"abschottungspolitik\">Politica di esclusione<\/h3>\n\n<p><a href=\"https:\/\/www.woz.ch\/2216\/die-geschichte\/ein-labor-das-die-grenze-schafft\" target=\"_blank\" rel=\"noreferrer noopener\">Ein Labor, das die Grenze schafft<\/a><br\/>Simon Noori, WOZ, 21.4.2022<\/p>\n\n<p><a href=\"https:\/\/www.statewatch.org\/news\/2022\/march\/frontex-to-boost-border-control-efforts-in-niger-algeria-and-libya\/\" target=\"_blank\" rel=\"noreferrer noopener\">Frontex to boost border control efforts in Niger, Algeria and Libya<\/a><br\/>statewatch, 10.3.2022<\/p>\n\n<p><a href=\"https:\/\/www.woz.ch\/2207\/geplantes-abkommen\/frontex-drohnen-nach-westafrika\" data-type=\"URL\" data-id=\"https:\/\/www.woz.ch\/2207\/geplantes-abkommen\/frontex-drohnen-nach-westafrika\" target=\"_blank\" rel=\"noreferrer noopener\">Frontex-Drohnen nach Westafrika<\/a><br\/>Matthias Monroy, WOZ, 17.2.2022<\/p>\n\n<p><a href=\"https:\/\/www.theguardian.com\/world\/2021\/nov\/29\/eu-border-agency-frontex-deportation-record-number\">EU border agency deported record number of people in first half of 2021<\/a><br\/>Jennifer Rankin, The Guardian, 29.11.2021<\/p>\n\n<p><a href=\"https:\/\/www.woz.ch\/2146\/festung-europa\/in-der-geiselhaft-von-autokraten\" target=\"_blank\" rel=\"noreferrer noopener\">In der Geiselhaft von Autokraten<\/a><br\/>No\u00ebmi Landolt, Sarah Schmalz, WOZ, 11.11.2021<\/p>\n\n<p><a href=\"https:\/\/frontex-referendum.ch\/wp-content\/uploads\/2021\/12\/Externalisation_Mobility-and-agency-in-protracted-displacement.pdf\" target=\"_blank\" rel=\"noreferrer noopener\">Forced Migration Review: Externalisation (PDF, 2.1 MB)<\/a><br\/>Issue 68, 11.2021<\/p>\n\n<p><a href=\"https:\/\/www.proasyl.de\/news\/richtungsentscheidung-zum-new-pact-alarmierende-signale-aus-dem-eu-parlament\/\" target=\"_blank\" rel=\"noreferrer noopener\">Richtungsentscheidung zum \u00bbNew Pact\u00ab: Alarmierende Signale aus dem EU-Parlament<\/a><br\/>Pro Asyl, 18.11.2021<\/p>\n\n<p><a href=\"https:\/\/www.proasyl.de\/wp-content\/uploads\/PRO-ASYL_New-Pact_Uebersicht-problematischsten-Aspekte.pdf\" target=\"_blank\" rel=\"noreferrer noopener\">\u00abDer \u00bbNew Pact\u00ab: Neue Grenzverfahren, mehr Haft, keine L\u00f6sung alter Probleme\u00bb (PDF, 0.7 MB)<\/a><br\/>Pro Asyl, 16.10.2020<\/p>\n\n<p><a href=\"http:\/\/www.politico.eu\/article\/eu-money-for-border-infrastructure-legally-possible-charles-michel-says\/\" target=\"_blank\" rel=\"noreferrer noopener\">Michel opens door to EU funding for border walls<\/a><br\/>Lili Bayer, Politico, 10.11.2021<\/p>\n\n<p><a href=\"https:\/\/frontex-referendum.ch\/wp-content\/uploads\/2021\/12\/Flora12_Europas-Migrationspolitik_09_21_PM_Web.pdf\">Europas Migrationspolitik auf dem Weg in die totale Abschottung (PDF, 2 MB)<\/a><br\/>Flora 12, das Rundschreiben der Freiplatzaktion Basel, 08.2021<\/p>\n\n<p><a href=\"https:\/\/www.srf.ch\/play\/tv\/srfglobal\/video\/frontex-und-die-festung-europa?urn=urn:srf:video:6d1b69b6-1414-41d7-bcb3-5b712b422da6\" target=\"_blank\" rel=\"noreferrer noopener\">Frontex und die Festung Europa<\/a><br\/>SRF, 3.7.2021<\/p>\n\n<div style=\"height:100px\" aria-hidden=\"true\" class=\"wp-block-spacer af-spacer-m\"><\/div>\n\n<h3 class=\"wp-block-heading\" id=\"militarisierung-aufrustung\">Militarizzazione, armamento<\/h3>\n\n<p><a rel=\"noreferrer noopener\" href=\"https:\/\/netzpolitik.org\/2021\/pistolen-und-munition-fuer-eu-grenztruppe-frontex-entscheidet-sich-fuer-waffenhersteller-aus-oesterreich\/\" target=\"_blank\">Frontex entscheidet sich f\u00fcr Waffenhersteller aus \u00d6sterreich<\/a><br\/>Matthias Monroy, Netzpolitik.org, 15.11.2021<\/p>\n\n<p><a rel=\"noreferrer noopener\" href=\"https:\/\/netzpolitik.org\/2021\/frontex-und-europol-wie-gefluechtete-digital-verfolgt-werden\/\" target=\"_blank\">Wie Gefl\u00fcchtete digital verfolgt werden<\/a><br\/>Matthias Monroy, Netzpolitik.org, 15.11.2021<\/p>\n\n<p><a rel=\"noreferrer noopener\" href=\"https:\/\/apnews.com\/article\/middle-east-europe-migration-technology-health-c23251bec65ba45205a0851fab07e9b6\" target=\"_blank\">In post-pandemic Europe, migrants will face digital fortress<\/a><br\/>Derek Gatopoulos and Costas Kantouris, AP News, 28.11.2021<\/p>\n\n<p><a rel=\"noreferrer noopener\" href=\"https:\/\/www.woz.ch\/2137\/die-schweiz-und-frontex\/bewaffnete-werte\" target=\"_blank\">Bewaffnete Werte<\/a><br\/>Lukas Tobler, WOZ, 16.9.2021<\/p>\n\n<p><a rel=\"noreferrer noopener\" href=\"https:\/\/frontex-referendum.ch\/wp-content\/uploads\/2021\/12\/2021-04_13-15-PL-0421-AKTUELL-Frontex.pdf\" target=\"_blank\">Grenzschutz um jeden Preis (PDF, 3.1 MB)<\/a><br\/>Gjon David, pl\u00e4doyer 4\/2021<\/p>\n\n<p><a href=\"https:\/\/frontexfiles.eu\">Die Frontex Files<\/a><br\/>Vera Deleja-Hotko, Ann Esswein, Luisa Izuzquiza, Bartholom\u00e4us von Laffert, Daniela Sala und Phevos Simeonidis (Disinfaux Collective), ZDF Magazin Royale, 2.2021.<\/p>\n\n<div style=\"height:100px\" aria-hidden=\"true\" class=\"wp-block-spacer af-spacer-l\"><\/div>\n\n<h2 class=\"has-large-font-size wp-block-heading\" id=\"deregulierung-und-intransparenz\">Deregolamentazione e intransparenza<\/h2>\n\n<p><a href=\"https:\/\/www.spiegel.de\/ausland\/frontex-eu-parlament-stimmt-gegen-entlastung-von-haushalt-a-1432d5ce-c28e-4c23-891a-0ea72415c8be\" target=\"_blank\" rel=\"noreferrer noopener\">Europaparlament stimmt gegen Entlastung von Frontex-Haushalt<\/a><br\/>Der Spiegel, 4.5.2022<\/p>\n\n<p><a rel=\"noreferrer noopener\" href=\"https:\/\/netzpolitik.org\/2021\/whatsapp-nach-libyen-wie-frontex-mit-einer-list-das-voelkerrecht-umgeht\/\" target=\"_blank\">Wie Frontex mit einer List das V\u00f6lkerrecht umgeht<\/a><br\/>Matthias Monrroy, Netzpolitik.org, 12.10.2021<\/p>\n\n<p><a rel=\"noreferrer noopener\" href=\"https:\/\/www.woz.ch\/2147\/fluechtlingspolitik\/frontex-verfolgt-eine-salamitaktik\" target=\"_blank\">\u00abFrontex verfolgt eine Salamitaktik\u00bb<\/a><br\/>Lukas Tobler, WOZ, 25.11.2021<\/p>\n\n<p><a rel=\"noreferrer noopener\" href=\"https:\/\/euobserver.com\/opinion\/153256\" target=\"_blank\">Frontex: An EU agency gone rogue?<\/a><br\/>Ludek Stavinoha, EUObserver, 9.10.2021<\/p>\n\n<p><a rel=\"noreferrer noopener\" href=\"https:\/\/frontexfiles.eu\" target=\"_blank\">Die Frontex Files<\/a><br\/>Vera Deleja-Hotko, Ann Esswein, Luisa Izuzquiza, Bartholom\u00e4us von Laffert, Daniela Sala und Phevos Simeonidis (Disinfaux Collective), ZDF Magazin Royale, 02.2021<\/p>\n\n<p><a rel=\"noreferrer noopener\" href=\"https:\/\/corporateeurope.org\/en\/lobbying-fortress-europe\" target=\"_blank\">Lobbying Fortress Europe, The making of a border-industrial complex<\/a><br\/>Myriam Douo, Luisa Izuzquiza, Margarida Silva, Corporate Europe Observatory, 05.02.2021<\/p>\n\n<p><a href=\"https:\/\/www.ejiltalk.org\/why-it-is-so-hard-to-hold-frontex-accountable-on-blame-shifting-and-an-outdated-remedies-system\/\" target=\"_blank\" rel=\"noreferrer noopener\">Why it is so Hard to Hold Frontex Accountable: On Blame-Shifting and an Outdated Remedies System<\/a><br\/>Melanie Fink, EJIL:Talk!, 26.11.2020<\/p>\n\n<p><a rel=\"noreferrer noopener\" href=\"https:\/\/www.woz.ch\/-b0d9\" target=\"_blank\">Die Pushback-Agentur<\/a><br\/>Lorenz Naegeli, WOZ, 19.11.2020<\/p>\n\n<p><a rel=\"noreferrer noopener\" href=\"https:\/\/zenodo.org\/record\/3967784#.YbM_3b3P3IU\" target=\"_blank\">Fundamental Rights, Accountability and Transparency in European Governance of Migration: The Case of the European Border and Coast Guard Agency Frontex<\/a><br\/>Lena Karamanidou, Bernd Kasparek, 30.7.2020<\/p>\n\n<p><a rel=\"noreferrer noopener\" href=\"watching%20the%20watchers\" target=\"_blank\">Frontex: watching the watchers<\/a><br\/>Arne Semsrott, Luisa Izuzqzuiza, Frederik Richter, Correctiv, 15.8.2019<\/p>\n\n<p><a href=\"https:\/\/www.statewatch.org\/news\/2018\/may\/eu-frontex-condemned-by-its-own-fundamental-rights-body-for-failing-to-live-up-to-obligations\/\" target=\"_blank\" rel=\"noreferrer noopener\">Frontex condemned by its own fundamental rights body for failing to live up to obligations<\/a><br\/>on Statewatch, 21.5.2018<\/p>\n","protected":false},"excerpt":{"rendered":"<p>Rapporti: Frontex e la politica europea dei confini Violazioni dei diritti umani al confine Coinvolgimento di Frontex Ausgesetzt in der \u00c4g\u00e4is: Frontex ist in Pushbacks involviertSRF Rundschau, 27.4.2022 Frontex in&hellip;&nbsp;<a href=\"https:\/\/frontex-referendum.ch\/it\/background\/rapporti-dei-media-frontex-e-la-politica-europea-dei-confini\/\" class=\"\" rel=\"bookmark\">Leggi tutto &raquo;<span class=\"screen-reader-text\">Rapporti: Frontex e la politica europea dei confini<\/span><\/a><\/p>\n","protected":false},"author":6,"featured_media":0,"parent":2211,"menu_order":0,"comment_status":"closed","ping_status":"closed","template":"","meta":{"inline_featured_image":false,"neve_meta_sidebar":"","neve_meta_container":"","neve_meta_enable_content_width":"","neve_meta_content_width":0,"neve_meta_title_alignment":"","neve_meta_author_avatar":"","neve_post_elements_order":"","neve_meta_disable_header":"","neve_meta_disable_footer":"","neve_meta_disable_title":"on","neve_meta_reading_time":"","_EventAllDay":false,"_EventTimezone":"","_EventStartDate":"","_EventEndDate":"","_EventStartDateUTC":"","_EventEndDateUTC":"","_EventShowMap":false,"_EventShowMapLink":false,"_EventURL":"","_EventCost":"","_EventCostDescription":"","_EventCurrencySymbol":"","_EventCurrencyCode":"","_EventCurrencyPosition":"","_EventDateTimeSeparator":"","_EventTimeRangeSeparator":"","_EventOrganizerID":[],"_EventVenueID":[],"_OrganizerEmail":"","_OrganizerPhone":"","_OrganizerWebsite":"","_VenueAddress":"","_VenueCity":"","_VenueCountry":"","_VenueProvince":"","_VenueState":"","_VenueZip":"","_VenuePhone":"","_VenueURL":"","_VenueStateProvince":"","_VenueLat":"","_VenueLng":"","_VenueShowMap":false,"_VenueShowMapLink":false,"footnotes":""},"class_list":["post-2255","page","type-page","status-publish","hentry"],"jetpack_sharing_enabled":true,"_links":{"self":[{"href":"https:\/\/frontex-referendum.ch\/it\/wp-json\/wp\/v2\/pages\/2255","targetHints":{"allow":["GET"]}}],"collection":[{"href":"https:\/\/frontex-referendum.ch\/it\/wp-json\/wp\/v2\/pages"}],"about":[{"href":"https:\/\/frontex-referendum.ch\/it\/wp-json\/wp\/v2\/types\/page"}],"author":[{"embeddable":true,"href":"https:\/\/frontex-referendum.ch\/it\/wp-json\/wp\/v2\/users\/6"}],"replies":[{"embeddable":true,"href":"https:\/\/frontex-referendum.ch\/it\/wp-json\/wp\/v2\/comments?post=2255"}],"version-history":[{"count":24,"href":"https:\/\/frontex-referendum.ch\/it\/wp-json\/wp\/v2\/pages\/2255\/revisions"}],"predecessor-version":[{"id":6292,"href":"https:\/\/frontex-referendum.ch\/it\/wp-json\/wp\/v2\/pages\/2255\/revisions\/6292"}],"up":[{"embeddable":true,"href":"https:\/\/frontex-referendum.ch\/it\/wp-json\/wp\/v2\/pages\/2211"}],"wp:attachment":[{"href":"https:\/\/frontex-referendum.ch\/it\/wp-json\/wp\/v2\/media?parent=2255"}],"curies":[{"name":"wp","href":"https:\/\/api.w.org\/{rel}","templated":true}]}}