{"id":1948,"date":"2021-12-03T22:33:54","date_gmt":"2021-12-03T21:33:54","guid":{"rendered":"https:\/\/frontex-referendum.ch\/organizzazioni\/"},"modified":"2022-05-06T12:27:20","modified_gmt":"2022-05-06T10:27:20","slug":"organizzazioni","status":"publish","type":"page","link":"https:\/\/frontex-referendum.ch\/it\/organizzazioni\/","title":{"rendered":"Organizzazioni"},"content":{"rendered":"\n<div style=\"height:100px\" aria-hidden=\"true\" class=\"wp-block-spacer af-spacer-l\"><\/div>\n\n<h1 class=\"wp-block-heading\" id=\"unterstutzende\">Organizzazioni<\/h1>\n\n<div style=\"height:100px\" aria-hidden=\"true\" class=\"wp-block-spacer af-spacer-l\"><\/div>\n\n<ul class=\"wp-block-list\"><li><a rel=\"noreferrer noopener\" href=\"https:\/\/bonjourgeneve.ch\/adresses\/3cheneaccueil\/\" target=\"_blank\">3Ch\u00eaneAccueil<\/a><\/li><li><a rel=\"noreferrer noopener\" href=\"https:\/\/www.facebook.com\/aktivismusfuertierrechte\/\" target=\"_blank\">Aktivismus f\u00fcr Tierrechte<\/a><\/li><li><a rel=\"noreferrer noopener\" href=\"https:\/\/al-be.ch\" target=\"_blank\">Alternative Linke Bern<\/a><\/li><li><a rel=\"noreferrer noopener\" href=\"https:\/\/al-winti.ch\" target=\"_blank\">Alternative Liste Winterthur<\/a><\/li><li><a rel=\"noreferrer noopener\" href=\"https:\/\/al-zh.ch\/\" target=\"_blank\">Alternative Liste Z\u00fcrich<\/a><\/li><li><a rel=\"noreferrer noopener\" href=\"https:\/\/asile-lgbt.ch\/lassociation-asile-lgbt\/\" target=\"_blank\">Asile LGBTIQ+<\/a><\/li><li><a rel=\"noreferrer noopener\" style=\"font-family: var(--bodyFontFamily); font-size: var(--bodyFontSize); letter-spacing: var(--bodyLetterSpacing); text-transform: var(--bodyTextTransform);\" href=\"https:\/\/www.augenauf.ch\" target=\"_blank\">augenauf Basel, Bern und Z\u00fcrich<\/a><\/li><li><a rel=\"noreferrer noopener\" href=\"https:\/\/agora-asile.ch\" target=\"_blank\">Aum\u00f4nerie genevoise oecum\u00e9nique aupr\u00e8s des requ\u00e9rants d\u2019asile<\/a> <a rel=\"noreferrer noopener\" href=\"https:\/\/agora-asile.ch\" target=\"_blank\">(AGORA)<\/a><\/li><li><a rel=\"noreferrer noopener\" href=\"https:\/\/autonomeschuleluzern.wordpress.com\" target=\"_blank\">Autonome Schule Luzern<\/a><\/li><li><a rel=\"noreferrer noopener\" href=\"https:\/\/www.bildung-fuer-alle.ch\" target=\"_blank\">Autonome Schule Z\u00fcrich<\/a><\/li><li><a rel=\"noreferrer noopener\" href=\"https:\/\/www.instagram.com\/beawareandshare\/\" target=\"_blank\">BAAS \u2013 Be Aware And Share<\/a><\/li><li><a rel=\"noreferrer noopener\" href=\"https:\/\/beobachtungsstelle.ch\/de\/hauptmenu\/was-ist-die-schweizerische-beobachtungsstelle\/ueber-uns\/\" target=\"_blank\">Beobachtungsstelle f\u00fcr Asyl- und Ausl\u00e4nderrecht (SBAA)<\/a><\/li><li><a rel=\"noreferrer noopener\" href=\"https:\/\/sozialismus.ch\/\" target=\"_blank\">Bewegung f\u00fcr den Sozialismus<\/a><\/li><li><a rel=\"noreferrer noopener\" href=\"https:\/\/www.bistro-interculturel.ch\/\" target=\"_blank\">Bistro Interculturel<\/a><\/li><li><a rel=\"noreferrer noopener\" href=\"https:\/\/www.brava-ngo.ch\/de\/unsere-themen\/gefluechtete-frauen\" target=\"_blank\">Brava &#8211; ehemals TERRE DES FEMMES Schweiz<\/a><\/li><li>CEDRI, Europ\u00e4isches Komitee zur Verteidigung der Fl\u00fcchtlinge und GastarbeiterInnen<\/li><li><a rel=\"noreferrer noopener\" href=\"https:\/\/ccsi.ch\/\" target=\"_blank\">Centre de Contact Suisses-Immigr\u00e9s (CCSI Gen\u00e8ve)<\/a><\/li><li><a rel=\"noreferrer noopener\" href=\"https:\/\/csp.ch\/geneve\/\" target=\"_blank\">Centre Social Protestant-Gen\u00e8ve (CSP)<\/a><\/li><li><a rel=\"noreferrer noopener\" href=\"http:\/\/choosehumanity.ch\" target=\"_blank\">Choosehumanity<\/a><\/li><li><a rel=\"noreferrer noopener\" href=\"http:\/\/clubasyl.ch\/\" target=\"_blank\">Club Asyl Aargau<\/a><\/li><li><a rel=\"noreferrer noopener\" href=\"https:\/\/collect.campax.org\" target=\"_blank\">COLLECT.Campax.<\/a><\/li><li><a rel=\"noreferrer noopener\" href=\"https:\/\/www.facebook.com\/collectifsudglobal\" target=\"_blank\">Collectif Sud Global<\/a><\/li><li><a rel=\"noreferrer noopener\" href=\"https:\/\/coordination-asile-ge.ch\" target=\"_blank\">Coordination asile.ge<\/a><\/li><li><a rel=\"noreferrer noopener\" href=\"https:\/\/www.djs-jds.ch\/de\/\" target=\"_blank\">Demokratische Juristinnen Schweiz<\/a><\/li><li><a rel=\"noreferrer noopener\" href=\"https:\/\/droitderesterfribourg.wordpress.com\/\" target=\"_blank\">Droit de Rester Fribourg<\/a><\/li><li><a rel=\"noreferrer noopener\" href=\"http:\/\/droit-de-rester.blogspot.com\/\" target=\"_blank\">Droit de Rester Lausanne<\/a><\/li><li><a rel=\"noreferrer noopener\" href=\"https:\/\/rester.ch\/\" target=\"_blank\">Droit de Rester Neuch\u00e2tel<\/a><\/li><li><a rel=\"noreferrer noopener\" href=\"https:\/\/educationforintegration.wordpress.com\" data-type=\"URL\" data-id=\"https:\/\/educationforintegration.wordpress.com\" target=\"_blank\">Education for integration<\/a><\/li><li><a rel=\"noreferrer noopener\" href=\"http:\/\/www.elisa.ch\/2017\/\" target=\"_blank\">elisa-asile<\/a><\/li><li><a rel=\"noreferrer noopener\" href=\"https:\/\/eritreischer-medienbund.ch\" target=\"_blank\">Eritreischer Medienbund<\/a><\/li><li><a rel=\"noreferrer noopener\" href=\"https:\/\/forumcivique.org\/\" target=\"_blank\">Europ\u00e4isches B\u00fcrgerInnen Forum<\/a><\/li><li><a rel=\"noreferrer noopener\" href=\"https:\/\/evakuieren-jetzt.ch\/\" target=\"_blank\">evakuierenJETZT<\/a><\/li><li><a rel=\"noreferrer noopener\" href=\"https:\/\/exilaktion.ch\/\" target=\"_blank\">ExilAktion<\/a><\/li><li><a rel=\"noreferrer noopener\" href=\"https:\/\/frauenstreik-bs.ch\/\" data-type=\"URL\" data-id=\"https:\/\/frauenstreik-bs.ch\/\" target=\"_blank\">Feministischer \/ Frauen Streik Basel<\/a><\/li><li><a rel=\"noreferrer noopener\" href=\"https:\/\/www.frauenstreikluzern.ch\/\" target=\"_blank\">Feministischer Streik Luzern<\/a><\/li><li><a rel=\"noreferrer noopener\" href=\"https:\/\/www.instagram.com\/feministischerstreik_sh\/\" target=\"_blank\">Feministischer Streik Schaffhausen<\/a><\/li><li><a rel=\"noreferrer noopener\" href=\"https:\/\/frauenstreik-thun-beo.ch\/\" target=\"_blank\">Feministisches Kollektiv Thun-BeO<\/a><\/li><li><a rel=\"noreferrer noopener\" href=\"https:\/\/feministischerstreikzuerich.ch\/\" target=\"_blank\">Feministisches Streikkollektiv Z\u00fcrich<\/a><\/li><li><a rel=\"noreferrer noopener\" href=\"https:\/\/www.ncbi.ch\/de\/erstes-fluechtlingsparlament-der-schweiz-medienmitteilung\/\" target=\"_blank\">Fl\u00fcchtlingsparlament Schweiz<\/a><\/li><li><a rel=\"noreferrer noopener\" href=\"https:\/\/www.atik-online.net\/deutsch\/\" target=\"_blank\">F\u00f6deration der ArbeiterInnen aus der T\u00fcrkei in Europa (ATIK-Schweiz)<\/a><\/li><li><a rel=\"noreferrer noopener\" href=\"http:\/\/www.europa-magazin.ch\" target=\"_blank\">Forum f\u00fcr direkte Demokratie (Europa-Magazin)<\/a><\/li><li><a rel=\"noreferrer noopener\" href=\"https:\/\/www.freiplatzaktion-basel.ch\" data-type=\"URL\" data-id=\"https:\/\/www.freiplatzaktion-basel.ch\" target=\"_blank\">Freiplatzaktion Basel<\/a><\/li><li><a rel=\"noreferrer noopener\" href=\"https:\/\/www.freiplatzaktion.ch\/\" target=\"_blank\">Freiplatzaktion Z\u00fcrich<\/a><\/li><li>Freundeskreis Cornelius Koch Del\u00e9mont <\/li><li><a rel=\"noreferrer noopener\" href=\"http:\/\/grundrechte.ch\/\" data-type=\"URL\" data-id=\"http:\/\/grundrechte.ch\/\" target=\"_blank\">grundrechte.ch<\/a><\/li><li><a rel=\"noreferrer noopener\" href=\"https:\/\/gruene-luzern.ch\/\" target=\"_blank\">GR\u00dcNE Luzern<\/a><\/li><li><a rel=\"noreferrer noopener\" href=\"https:\/\/gruene.ch\/\" target=\"_blank\">GR\u00dcNE Schweiz<\/a><\/li><li><a rel=\"noreferrer noopener\" href=\"https:\/\/www.gsoa.ch\/\" target=\"_blank\">GSoA \u2013 Gruppe f\u00fcr eine Schweiz ohne Armee<\/a><\/li><li><a rel=\"noreferrer noopener\" href=\"https:\/\/hellowelcome.ch\" target=\"_blank\">HelloWelcome<\/a><\/li><li><a rel=\"noreferrer noopener\" href=\"https:\/\/www.facebook.com\/ihdd.isvicre.Schweiz.Suisse.Svizzera\/\" target=\"_blank\">Insan Haklar\u0131 Ve Dayan\u0131\u015fma Derne\u011fi \u0130svi\u00e7re (IHDD) \/ Verein f\u00fcr Menschenrechte und Solidarit\u00e4t in der Schweiz (VERMESS)<\/a><\/li><li><a rel=\"noreferrer noopener\" href=\"https:\/\/jrs-schweiz.ch\/\" target=\"_blank\">Jesuiten-Fl\u00fcchtlingsdienst<\/a><\/li><li><a rel=\"noreferrer noopener\" href=\"https:\/\/www.jvjp.ch\/\" target=\"_blank\">J\u00fcdische Stimme f\u00fcr Demokratie und Gerechtigkeit in Israel\/Pal\u00e4stina<\/a><\/li><li><a rel=\"noreferrer noopener\" href=\"https:\/\/www.jungegruene.ch\/\" target=\"_blank\">Junge Gr\u00fcne Schweiz<\/a><\/li><li><a rel=\"noreferrer noopener\" href=\"https:\/\/juso.ch\" target=\"_blank\">JUSO Schweiz<\/a><\/li><li><a rel=\"noreferrer noopener\" href=\"https:\/\/neuchatel.climatestrike.ch\" target=\"_blank\">Sciopero per il clima Neuch\u00e2tel<\/a><\/li><li><a rel=\"noreferrer noopener\" href=\"https:\/\/climatestrike.ch\/\" target=\"_blank\">Klimastreik Schweiz<\/a><\/li><li><a rel=\"noreferrer noopener\" href=\"https:\/\/www.klimastreik-zentralschweiz.ch\/\" target=\"_blank\">Klimastreik Zentralschweiz<\/a><\/li><li><a href=\"https:\/\/www.la-bise.ch\" target=\"_blank\" rel=\"noreferrer noopener\">La Bise<\/a><\/li><li><a rel=\"noreferrer noopener\" href=\"https:\/\/www.instagram.com\/linkepoc\/\" target=\"_blank\">Linke PoC<\/a><\/li><li><a rel=\"noreferrer noopener\" href=\"https:\/\/www.lsdh.ch\/section-geneve\" target=\"_blank\">LSDH-Ge, Ligue suisse des droits de l&#8217;Hommes &#8211; Gen\u00e8ve<\/a><\/li><li><a rel=\"noreferrer noopener\" href=\"https:\/\/www.instagram.com\/migrantifa_basel\/\" target=\"_blank\">Migrantifa Basel<\/a><\/li><li><a rel=\"noreferrer noopener\" href=\"https:\/\/migrant-solidarity-network.ch\/\" target=\"_blank\">Migrant Solidarity Network<\/a><\/li><li><a rel=\"noreferrer noopener\" href=\"http:\/\/www.mjssp.ch\" target=\"_blank\">Mouvement jurassien de soutien aux sans-papiers et migrants<\/a><\/li><li><a rel=\"noreferrer noopener\" href=\"https:\/\/www.ncbi.ch\/de\/\" target=\"_blank\">NCBI Schweiz<\/a><\/li><li><a rel=\"noreferrer noopener\" href=\"https:\/\/www.migrationscharta.ch\" target=\"_blank\">Netzwerk migrationscharta<\/a><\/li><li><a rel=\"noreferrer noopener\" href=\"https:\/\/www.openeyes.ch\" data-type=\"URL\" data-id=\"https:\/\/www.openeyes.ch\" target=\"_blank\">OpenEyes Balkanroute<\/a><\/li><li><a rel=\"noreferrer noopener\" href=\"https:\/\/openfutures.ch\/\" target=\"_blank\">Open Futures<\/a><\/li><li><a rel=\"noreferrer noopener\" href=\"https:\/\/www.facebook.com\/pangeakolektif\/\" target=\"_blank\">PangeaKolektif auto-organisation des migrants<\/a><\/li><li><a rel=\"noreferrer noopener\" href=\"https:\/\/pdt-ge.org\/\" target=\"_blank\">Parti de Travail Gen\u00e8ve<\/a><\/li><li><a rel=\"noreferrer noopener\" href=\"https:\/\/www.facebook.com\/Rota.migrant\" target=\"_blank\">ROTA \u2013 Migrantische Selbstorganisation<\/a><\/li><li><a rel=\"noreferrer noopener\" href=\"http:\/\/www.sankofa.ch\" data-type=\"URL\" data-id=\"http:\/\/www.sankofa.ch\" target=\"_blank\">Sankofa \u2013 Plattform f\u00fcr Menschen Afrikanischen Erbes<\/a><\/li><li><a rel=\"noreferrer noopener\" href=\"https:\/\/www.instagram.com\/seaeyebern\/\" target=\"_blank\">Sea-Eye Gruppe Bern<\/a><\/li><li><a rel=\"noreferrer noopener\" href=\"https:\/\/seebruecke.ch\/\" target=\"_blank\">Seebr\u00fccke Schweiz<\/a><\/li><li><a rel=\"noreferrer noopener\" href=\"https:\/\/www.sgb.ch\/der-sgb\/gremien\/migrationskommission\" target=\"_blank\">SGB-Commissione per la migrazione <\/a><\/li><li><a rel=\"noreferrer noopener\" href=\"https:\/\/solidaritaetsnetzbern.ch\/\" target=\"_blank\">Solidarit\u00e4tsnetz Bern<\/a><\/li><li><a rel=\"noreferrer noopener\" href=\"https:\/\/solinetz-zh.ch\" target=\"_blank\">Solidarit\u00e4tsnetz Z\u00fcrich<\/a><\/li><li><a rel=\"noreferrer noopener\" href=\"https:\/\/www.sosf.ch\" target=\"_blank\">Solidarit\u00e9 sans fronti\u00e8res<\/a><\/li><li><a rel=\"noreferrer noopener\" href=\"https:\/\/www.solifonds.ch\" target=\"_blank\">SOLIFONDS<\/a><\/li><li><a rel=\"noreferrer noopener\" href=\"https:\/\/solidarites.ch\" target=\"_blank\">solidarit\u00e9S<\/a><\/li><li><a rel=\"noreferrer noopener\" href=\"https:\/\/solidaritetattes.ch\/\" target=\"_blank\">Solidarit\u00e9 Tattes<\/a><\/li><li><a rel=\"noreferrer noopener\" href=\"https:\/\/solikarte.ch\/de\" target=\"_blank\">Solikarte<\/a><\/li><li><a rel=\"noreferrer noopener\" href=\"https:\/\/solinetzbasel.ch\" target=\"_blank\">Solinetz Basel<\/a><\/li><li><a rel=\"noreferrer noopener\" href=\"https:\/\/solinetzluzern.ch\/\" target=\"_blank\">Solinetz Luzern<\/a><\/li><li><a rel=\"noreferrer noopener\" href=\"https:\/\/www.sp-ps.ch\/de\" target=\"_blank\">SP Schweiz<\/a><\/li><li><a rel=\"noreferrer noopener\" href=\"https:\/\/summe.xyz\" target=\"_blank\">Sure*TU<\/a><\/li><li><a rel=\"noreferrer noopener\" href=\"https:\/\/www.unia.ch\/fr\/m\/a-notre-sujet\/groupes-dinterets\/migrant-e-s\" target=\"_blank\">UNIA Migrazione<\/a><\/li><li><a href=\"https:\/\/solinetze.ch\/\">Verbund solinetze.ch<\/a><\/li><li><a rel=\"noreferrer noopener\" href=\"http:\/\/www.netzwerk-asyl.ch\/\" target=\"_blank\">Verein Netzwerk Asyl Aargau<\/a><\/li><li><a rel=\"noreferrer noopener\" href=\"https:\/\/vivre-ensemble.ch\/\" target=\"_blank\">Vivre ensemble<\/a><\/li><li><a rel=\"noreferrer noopener\" href=\"https:\/\/vochabular.ch\" target=\"_blank\">voCHabular<\/a><\/li><li><a rel=\"noreferrer noopener\" href=\"https:\/\/vpod.ch\/ueber-uns\/verbandskommissionen\/verbandskommission-migration\/\" target=\"_blank\">VPOD-Migrationskommission<\/a><\/li><li><a rel=\"noreferrer noopener\" href=\"https:\/\/alarmphone.ch\/\" target=\"_blank\">Watch The Med Alarmphone Schweiz<\/a><\/li><li><a rel=\"noreferrer noopener\" href=\"https:\/\/wecollect.ch\/\" target=\"_blank\">WeCollect<\/a><\/li><li><a rel=\"noreferrer noopener\" href=\"https:\/\/wirallesindbern.ch\/\" target=\"_blank\">Wir alle sind Bern<\/a><\/li><\/ul>\n<div style=\"height:100px\" aria-hidden=\"true\" class=\"wp-block-spacer\"><\/div>\n","protected":false},"excerpt":{"rendered":"<p>Organizzazioni 3Ch\u00eaneAccueil Aktivismus f\u00fcr Tierrechte Alternative Linke Bern Alternative Liste Winterthur Alternative Liste Z\u00fcrich Asile LGBTIQ+ augenauf Basel, Bern und Z\u00fcrich Aum\u00f4nerie genevoise oecum\u00e9nique aupr\u00e8s des requ\u00e9rants d\u2019asile (AGORA) Autonome&hellip;&nbsp;<a href=\"https:\/\/frontex-referendum.ch\/it\/organizzazioni\/\" class=\"\" rel=\"bookmark\">Leggi tutto &raquo;<span class=\"screen-reader-text\">Organizzazioni<\/span><\/a><\/p>\n","protected":false},"author":4,"featured_media":0,"parent":0,"menu_order":0,"comment_status":"closed","ping_status":"closed","template":"","meta":{"inline_featured_image":false,"neve_meta_sidebar":"","neve_meta_container":"","neve_meta_enable_content_width":"","neve_meta_content_width":0,"neve_meta_title_alignment":"","neve_meta_author_avatar":"","neve_post_elements_order":"","neve_meta_disable_header":"","neve_meta_disable_footer":"","neve_meta_disable_title":"on","neve_meta_reading_time":"","_EventAllDay":false,"_EventTimezone":"","_EventStartDate":"","_EventEndDate":"","_EventStartDateUTC":"","_EventEndDateUTC":"","_EventShowMap":false,"_EventShowMapLink":false,"_EventURL":"","_EventCost":"","_EventCostDescription":"","_EventCurrencySymbol":"","_EventCurrencyCode":"","_EventCurrencyPosition":"","_EventDateTimeSeparator":"","_EventTimeRangeSeparator":"","_EventOrganizerID":[],"_EventVenueID":[],"_OrganizerEmail":"","_OrganizerPhone":"","_OrganizerWebsite":"","_VenueAddress":"","_VenueCity":"","_VenueCountry":"","_VenueProvince":"","_VenueState":"","_VenueZip":"","_VenuePhone":"","_VenueURL":"","_VenueStateProvince":"","_VenueLat":"","_VenueLng":"","_VenueShowMap":false,"_VenueShowMapLink":false,"footnotes":""},"class_list":["post-1948","page","type-page","status-publish","hentry"],"jetpack_sharing_enabled":true,"_links":{"self":[{"href":"https:\/\/frontex-referendum.ch\/it\/wp-json\/wp\/v2\/pages\/1948","targetHints":{"allow":["GET"]}}],"collection":[{"href":"https:\/\/frontex-referendum.ch\/it\/wp-json\/wp\/v2\/pages"}],"about":[{"href":"https:\/\/frontex-referendum.ch\/it\/wp-json\/wp\/v2\/types\/page"}],"author":[{"embeddable":true,"href":"https:\/\/frontex-referendum.ch\/it\/wp-json\/wp\/v2\/users\/4"}],"replies":[{"embeddable":true,"href":"https:\/\/frontex-referendum.ch\/it\/wp-json\/wp\/v2\/comments?post=1948"}],"version-history":[{"count":34,"href":"https:\/\/frontex-referendum.ch\/it\/wp-json\/wp\/v2\/pages\/1948\/revisions"}],"predecessor-version":[{"id":6295,"href":"https:\/\/frontex-referendum.ch\/it\/wp-json\/wp\/v2\/pages\/1948\/revisions\/6295"}],"wp:attachment":[{"href":"https:\/\/frontex-referendum.ch\/it\/wp-json\/wp\/v2\/media?parent=1948"}],"curies":[{"name":"wp","href":"https:\/\/api.w.org\/{rel}","templated":true}]}}