{"id":3665,"date":"2022-02-11T23:46:32","date_gmt":"2022-02-11T22:46:32","guid":{"rendered":"https:\/\/frontex-referendum.ch\/nofrontex-kick-off-call\/"},"modified":"2022-02-12T00:10:09","modified_gmt":"2022-02-11T23:10:09","slug":"nofrontex-kick-off-call","status":"publish","type":"page","link":"https:\/\/frontex-referendum.ch\/fr\/nofrontex-kick-off-call\/","title":{"rendered":"NoFrontex Kick-off Call"},"content":{"rendered":"\n<div style=\"height:100px\" aria-hidden=\"true\" class=\"wp-block-spacer af-spacer-l\"><\/div>\n\n\n\n<h1 class=\"wp-block-heading\" id=\"kick-off\">Kick-off<\/h1>\n\n\n\n<p>Gr\u00e2ce au r\u00e9f\u00e9rendum, on parlera plus intens\u00e9ment de ce qui se passe aux fronti\u00e8res ext\u00e9rieures de l&rsquo;UE jusqu&rsquo;\u00e0 la votation du 15 mai 2022. Cette plate-forme doit \u00eatre utilis\u00e9e pour une r\u00e9sistance diversifi\u00e9e. Nous voulons nous organiser ensemble et vous invitons \u00e0 une premi\u00e8re r\u00e9union de lancement \u00e0 cet effet<\/p>\n\n\n\n<div style=\"height:100px\" aria-hidden=\"true\" class=\"wp-block-spacer af-spacer-m\"><\/div>\n\n\n\n<div class=\"wp-block-columns is-layout-flex wp-container-core-columns-is-layout-9d6595d7 wp-block-columns-is-layout-flex\">\n<div class=\"wp-block-column is-layout-flow wp-block-column-is-layout-flow\" style=\"flex-basis:50%\">\n<h2 class=\"wp-block-heading\" id=\"programm\">Programme<\/h2>\n\n\n\n<p id=\"anmeldung-fur-den-call-am-16-februar-19-00\">L&rsquo;heure: 16 f\u00e9vrier \u00e0 18h00<br>O\u00f9: en ligne (zoom)<\/p>\n\n\n\n<p>Nous pr\u00e9senterons la campagne NoFrontex et discuterons de la mani\u00e8re dont les personnes peuvent s&rsquo;impliquer &#8211; que ce soit dans un groupe local ou dans une GT interr\u00e9gionale du r\u00e9f\u00e9rendum NoFrontex, en tant qu&rsquo;individu ou organisation. Rassemblons-nous pour que nous puissions nous mobiliser ensemble contre Frontex et pour la libert\u00e9 de mouvement au cours des trois prochains mois !<\/p>\n<\/div>\n\n\n\n<div class=\"wp-block-column is-layout-flow wp-block-column-is-layout-flow\" style=\"flex-basis:50%\">\n<div class=\"wp-block-group af-box-m af-box-m--fill-dark\"><div class=\"wp-block-group__inner-container is-layout-flow wp-block-group-is-layout-flow\">\n<h2 class=\"wp-block-heading\" id=\"anmeldung-fur-den-call-am-16-februar-19-00\">Inscription <\/h2>\n\n\n<div class=\"wpforms-container wpforms-container-full\" id=\"wpforms-3637\"><form id=\"wpforms-form-3637\" class=\"wpforms-validate wpforms-form wpforms-ajax-form\" data-formid=\"3637\" method=\"post\" enctype=\"multipart\/form-data\" action=\"\/fr\/wp-json\/wp\/v2\/pages\/3665\" data-token=\"0623d95ef86e05ed340daf52898841a1\"><noscript class=\"wpforms-error-noscript\">Veuillez activer JavaScript dans votre navigateur pour remplir ce formulaire.<\/noscript><div class=\"wpforms-field-container\"><div id=\"wpforms-3637-field_1-container\" class=\"wpforms-field wpforms-field-email\" data-field-id=\"1\"><label class=\"wpforms-field-label\" for=\"wpforms-3637-field_1\">E-Mail <span class=\"wpforms-required-label\">*<\/span><\/label><input type=\"email\" id=\"wpforms-3637-field_1\" class=\"wpforms-field-large wpforms-field-required\" name=\"wpforms[fields][1]\" required><div class=\"wpforms-field-description\">Nous t'enverrons le lien zoom \u00e0 cette adresse e-mail<\/div><\/div><div id=\"wpforms-3637-field_6-container\" class=\"wpforms-field wpforms-field-radio wpforms-conditional-trigger\" data-field-id=\"6\"><label class=\"wpforms-field-label\" for=\"wpforms-3637-field_6\">Langue<\/label><ul id=\"wpforms-3637-field_6\"><li class=\"choice-1 depth-1 wpforms-selected\"><input type=\"radio\" id=\"wpforms-3637-field_6_1\" name=\"wpforms[fields][6]\" value=\"L&#039;allemand standard me convient\"   checked='checked'><label class=\"wpforms-field-label-inline\" for=\"wpforms-3637-field_6_1\">L'allemand standard me convient<\/label><\/li><li class=\"choice-2 depth-1\"><input type=\"radio\" id=\"wpforms-3637-field_6_2\" name=\"wpforms[fields][6]\" value=\"Traduction en fran\u00e7ais\"  ><label class=\"wpforms-field-label-inline\" for=\"wpforms-3637-field_6_2\">Traduction en fran\u00e7ais<\/label><\/li><li class=\"choice-3 depth-1\"><input type=\"radio\" id=\"wpforms-3637-field_6_3\" name=\"wpforms[fields][6]\" value=\"Traduction dans une autre langue\"  ><label class=\"wpforms-field-label-inline\" for=\"wpforms-3637-field_6_3\">Traduction dans une autre langue<\/label><\/li><\/ul><\/div><div id=\"wpforms-3637-field_4-container\" class=\"wpforms-field wpforms-field-text wpforms-conditional-field wpforms-conditional-show\" data-field-id=\"4\" style=\"display:none;\"><label class=\"wpforms-field-label\" for=\"wpforms-3637-field_4\">Quelle langue ?<\/label><input type=\"text\" id=\"wpforms-3637-field_4\" class=\"wpforms-field-large\" name=\"wpforms[fields][4]\" ><\/div><div id=\"wpforms-3637-field_2-container\" class=\"wpforms-field wpforms-field-checkbox\" data-field-id=\"2\"><label class=\"wpforms-field-label\" for=\"wpforms-3637-field_2\">Rester au courant<\/label><ul id=\"wpforms-3637-field_2\"><li class=\"choice-1 depth-1\"><input type=\"checkbox\" id=\"wpforms-3637-field_2_1\" name=\"wpforms[fields][2][]\" value=\"Je donne mon accord pour continuer \u00e0 recevoir des e-mails de NoFrontex (informations, bulletins et appels)\n\"  ><label class=\"wpforms-field-label-inline\" for=\"wpforms-3637-field_2_1\">Je donne mon accord pour continuer \u00e0 recevoir des e-mails de NoFrontex (informations, bulletins et appels)\n<\/label><\/li><\/ul><\/div><\/div><div class=\"wpforms-submit-container\"><input type=\"hidden\" name=\"wpforms[id]\" value=\"3637\"><input type=\"hidden\" name=\"wpforms[author]\" value=\"4\"><button type=\"submit\" name=\"wpforms[submit]\" id=\"wpforms-submit-3637\" class=\"wpforms-submit\" data-alt-text=\"Envoiyer\u2026\" data-submit-text=\"S&#039;inscrire\" aria-live=\"assertive\" value=\"wpforms-submit\">S&#039;inscrire<\/button><img loading=\"lazy\" decoding=\"async\" src=\"https:\/\/frontex-referendum.ch\/wp-content\/plugins\/wpforms\/assets\/images\/submit-spin.svg\" class=\"wpforms-submit-spinner\" style=\"display: none;\" width=\"26\" height=\"26\" alt=\"Chargement en cours\"><\/div><\/form><\/div>  <!-- .wpforms-container --><\/div><\/div>\n<\/div>\n<\/div>\n","protected":false},"excerpt":{"rendered":"<p>Kick-off Gr\u00e2ce au r\u00e9f\u00e9rendum, on parlera plus intens\u00e9ment de ce qui se passe aux fronti\u00e8res ext\u00e9rieures de l&rsquo;UE jusqu&rsquo;\u00e0 la votation du 15 mai 2022. Cette plate-forme doit \u00eatre utilis\u00e9e&hellip;&nbsp;<a href=\"https:\/\/frontex-referendum.ch\/fr\/nofrontex-kick-off-call\/\" class=\"\" rel=\"bookmark\">Lire la suite &raquo;<span class=\"screen-reader-text\">NoFrontex Kick-off Call<\/span><\/a><\/p>\n","protected":false},"author":4,"featured_media":0,"parent":0,"menu_order":0,"comment_status":"closed","ping_status":"closed","template":"","meta":{"inline_featured_image":false,"neve_meta_sidebar":"full-width","neve_meta_container":"","neve_meta_enable_content_width":"","neve_meta_content_width":0,"neve_meta_title_alignment":"","neve_meta_author_avatar":"","neve_post_elements_order":"","neve_meta_disable_header":"off","neve_meta_disable_footer":"","neve_meta_disable_title":"on","neve_meta_reading_time":"","_EventAllDay":false,"_EventTimezone":"","_EventStartDate":"","_EventEndDate":"","_EventStartDateUTC":"","_EventEndDateUTC":"","_EventShowMap":false,"_EventShowMapLink":false,"_EventURL":"","_EventCost":"","_EventCostDescription":"","_EventCurrencySymbol":"","_EventCurrencyCode":"","_EventCurrencyPosition":"","_EventDateTimeSeparator":"","_EventTimeRangeSeparator":"","_EventOrganizerID":[],"_EventVenueID":[],"_OrganizerEmail":"","_OrganizerPhone":"","_OrganizerWebsite":"","_VenueAddress":"","_VenueCity":"","_VenueCountry":"","_VenueProvince":"","_VenueState":"","_VenueZip":"","_VenuePhone":"","_VenueURL":"","_VenueStateProvince":"","_VenueLat":"","_VenueLng":"","_VenueShowMap":false,"_VenueShowMapLink":false,"footnotes":""},"class_list":["post-3665","page","type-page","status-publish","hentry"],"jetpack_sharing_enabled":true,"_links":{"self":[{"href":"https:\/\/frontex-referendum.ch\/fr\/wp-json\/wp\/v2\/pages\/3665","targetHints":{"allow":["GET"]}}],"collection":[{"href":"https:\/\/frontex-referendum.ch\/fr\/wp-json\/wp\/v2\/pages"}],"about":[{"href":"https:\/\/frontex-referendum.ch\/fr\/wp-json\/wp\/v2\/types\/page"}],"author":[{"embeddable":true,"href":"https:\/\/frontex-referendum.ch\/fr\/wp-json\/wp\/v2\/users\/4"}],"replies":[{"embeddable":true,"href":"https:\/\/frontex-referendum.ch\/fr\/wp-json\/wp\/v2\/comments?post=3665"}],"version-history":[{"count":2,"href":"https:\/\/frontex-referendum.ch\/fr\/wp-json\/wp\/v2\/pages\/3665\/revisions"}],"predecessor-version":[{"id":3668,"href":"https:\/\/frontex-referendum.ch\/fr\/wp-json\/wp\/v2\/pages\/3665\/revisions\/3668"}],"wp:attachment":[{"href":"https:\/\/frontex-referendum.ch\/fr\/wp-json\/wp\/v2\/media?parent=3665"}],"curies":[{"name":"wp","href":"https:\/\/api.w.org\/{rel}","templated":true}]}}